{"id":595,"date":"2019-03-29T11:49:59","date_gmt":"2019-03-29T10:49:59","guid":{"rendered":"https:\/\/www.campingpark-zell.de\/?page_id=595"},"modified":"2026-02-20T15:04:03","modified_gmt":"2026-02-20T14:04:03","slug":"prices","status":"publish","type":"page","link":"https:\/\/www.campingpark-zell.de\/en\/prices\/","title":{"rendered":"Prices"},"content":{"rendered":"<h2 class=\"h3\">Per night<\/h2>\n<p><a href=\"\/wp-content\/uploads\/2021\/04\/platzplan_campingpark_2020_englisch.pdf\" target=\"_blank\" rel=\"noopener noreferrer\">Campsite map as PDF \u00bb<\/a>.<\/p>\n<figure class=\"ps size-full aligncenter\"><a class=\"zoom-container\" href=\"\/wp-content\/uploads\/2021\/04\/platzplan_campingpark_2020_englisch.png\" target=\"_blank\" rel=\"noopener\"><img loading=\"lazy\" decoding=\"async\" class=\"zoom\" src=\"\/wp-content\/uploads\/2021\/04\/platzplan_campingpark_2020_englisch.png\" alt=\"\" width=\"2560\" height=\"552\" \/><\/a><\/figure>\n<div class=\"preisliste-wrap\">\n<div class=\"k01\">\n\t\t<span class=\"preis\">&euro;30.60<\/span> <strong>Category 1st row<\/strong>, next to river<br \/>\n\t\t Size: 80-90 sq metres<br \/>\n\t\tNumbers: 1, 10-17, 49-56\n\t<\/div>\n<div class=\"k02\">\n\t\t<span class=\"preis\">&euro;26.80<\/span> <strong>Category 2nd row<\/strong><br \/>\n\t\tSize: 80-90 sq metres<br \/>\n\t\tNumbers: 18-35, 57-67, 69, 70, 101-102\n\t<\/div>\n<div class=\"k03\">\n\t\t<span class=\"preis\">&euro;23.00<\/span> <strong>Category 3rd row<\/strong><br \/>\n\t\tSize: 80-90 sq metres<br \/>\n\t\tNumbers: 36-45\n\t<\/div>\n<div class=\"c01\">\n\t\t<span class=\"preis\">&euro;26.80<\/span> <strong>Category 1A<\/strong><br \/>\n\t\tCamping bus\/Camper (max. 2,500kg)<br \/>\n\t\tor family tents<br \/>\n\t\tSize: 50-60 sq metres<br \/>\n\t\tNumbers: W01- W04\n\t<\/div>\n<div class=\"c02\">\n\t\t<span class=\"preis\">&euro;23.00<\/span> <strong>Category 1B<\/strong>, next to landing stages<br \/>\n\t\tCamping bus\/Camper (max. 2,500 kg)<br \/>\n\t\tSize: 50-60 sq metres<br \/>\n\t\tNumbers: W05-W10\n\t<\/div>\n<div class=\"seperator\"><svg><use xlink:href=\"#shape-tent\"><\/use><\/svg><\/div>\n<div>\n<table>\n<tbody>\n<tr>\n<td><strong>Small tent<\/strong> in tent area<br \/>\n\t\t\t\t\tTent size: max. 6 square metres<\/td>\n<td><strong>&euro;11.30<\/strong><\/td>\n<\/tr>\n<tr>\n<td><strong>Large tent<\/strong> in tent area (family tent)<br \/>\n\t\t\t\t\tTent size: min. 6 square metres<\/td>\n<td><strong>&euro;23.00<\/strong><\/td>\n<\/tr>\n<tr>\n<td>Adult<\/td>\n<td><strong>&euro;10.00<\/strong><\/td>\n<\/tr>\n<tr>\n<td>Child (7-17 years)<\/td>\n<td><strong>&euro;4.50<\/strong><\/td>\n<\/tr>\n<tr>\n<td>Child (0-6 years)<\/td>\n<td><strong>free<\/strong><\/td>\n<\/tr>\n<tr>\n<td>Dog<\/td>\n<td><strong>&euro;3.40<\/strong><\/td>\n<\/tr>\n<\/tbody>\n<\/table><\/div>\n<div>\n\t\tThe <strong>total costs<\/strong> include the pitch price and the prices per person. Pitch prices include one caravan, car and awning.<\/p>\n<p>\t\tIf you stay 10 days or longer, you receive a 5% discount.*<br \/>\n\t\t* from 27 march to 2 november 2026\n\t<\/p><\/div>\n<div class=\"im-preis-enthalten flex\">\n<div>\n\t\t\t<strong>The price includes:<\/strong><\/p>\n<ul>\n<li>electricity<\/li>\n<li>cold water on site<\/li>\n<li>use of showers (hot water)<\/li>\n<li>waste disposal<\/li>\n<li>booking fees<\/li>\n<li>WiFi<\/li>\n<li>visitor\u2019s tax<\/li>\n<\/ul><\/div>\n<div>\n\t\t\t<strong>Good to know:<\/strong><\/p>\n<ul>\n<li>After check-in you can use your pitch from 2 p.m.<\/li>\n<li>Please check out before 11 a.m.<\/li>\n<li>We keep reserved pitches until 5 p.m. at arrival date.<\/li>\n<li>Our campsite is open all year.<\/li>\n<li>In winter, prices are much lower (see our winter price list, valid from 3 November 2026 up to 25 March 2027).<\/li>\n<\/ul><\/div>\n<\/p><\/div>\n<div class=\"seperator svg-anchor\"><svg><use xlink:href=\"#shape-anchor\"><\/use><\/svg><\/div>\n<div class=\"preise-color-marina\">\n<h3>Marina<\/h3>\n<p>\t\t<strong>Daily berth price<\/strong><br \/>\n\t\tincludes electricity, water, waste disposal, use of toilets, playground and barbecue, WLAN<\/p>\n<table>\n<tbody>\n<tr>\n<td>Daily berth price, daycruiser, without persons staying overnight<\/td>\n<td><strong>&euro;15.00<\/strong><\/td>\n<\/tr>\n<tr>\n<td>Daily berth price, daycruiser, campsite guests<\/td>\n<td><strong>&euro;13.00<\/strong><\/td>\n<\/tr>\n<tr>\n<td>Daily berth price, cabin cruiser, with persons staying overnight (per boats metre)<\/td>\n<td><strong>&euro;02.50<\/strong><\/td>\n<\/tr>\n<\/tbody>\n<\/table>\n<p>If you stay 10 days or longer, you receive a 5% discount.<\/p>\n<p>\t\t<strong>Berth price for the whole season<\/strong><br \/>\n\t\tincludes slipping, water supply, car parking fee, use of toilets, playground and barbecue<br \/>\n\t\tfrom 28 march 2025 to 2 november 2025<\/p>\n<div class=\"marina-preise-tagesgebuehren flex\">\n<table>\n<tbody>\n<tr class=\"color-category-01\">\n<td>Category 1 &#8211; per boats metre up to 4 x 11m<\/td>\n<td><strong>&euro;2.288,00<\/strong><\/td>\n<\/tr>\n<tr class=\"color-category-02\">\n<td>Category 2 &#8211; per boats metre up to 3,4 x 9,5m<\/td>\n<td><strong>&euro;1.680,00<\/strong><\/td>\n<\/tr>\n<tr class=\"color-category-04\">\n<td>Category 3 &#8211; per boats metre up to 3 x 8m<\/td>\n<td><strong>&euro;1.250,00<\/strong><\/td>\n<\/tr>\n<tr class=\"color-category-05\">\n<td>Category 4 &#8211; per boats metre up to 3 x 6m<\/td>\n<td><strong>&euro;1.150,00<\/strong><\/td>\n<\/tr>\n<tr>\n<td>Electricity flat-rate<\/td>\n<td><strong>&euro;50.00<\/strong><\/td>\n<\/tr>\n<tr>\n<td>Trailer parking from 1 April to 31 October 2024<\/td>\n<td><strong>&euro;70.00<\/strong><\/td>\n<\/tr>\n<\/tbody>\n<\/table>\n<figure class=\"ps size-image-size-440 alignright\" itemscope itemtype=\"http:\/\/schema.org\/ImageObject\"><a data-size=\"2560x1894\" href=\"\/wp-content\/uploads\/2023\/04\/campingpark-zell-saisonliegeplaetze.jpg\" class=\"single-image\"><img loading=\"lazy\" decoding=\"async\" itemprop=\"contentURL\" src=\"\/wp-content\/uploads\/2023\/04\/campingpark-zell-saisonliegeplaetze-440x300.jpg\" alt=\"\" width=\"440\" height=\"300\" class=\"alignright size-image-size-440 wp-image-979\" \/><\/a><\/figure>\n<\/p><\/div>\n<p style=\"margin-bottom:0\"><strong>Boat cleaning<\/strong><\/p>\n<table>\n<tbody>\n<tr>\n<td>Use of steam cleaner for boat cleaning (services on own account)<\/td>\n<td><strong>&euro;25.00<\/strong><\/td>\n<\/tr>\n<\/tbody>\n<\/table>\n<p style=\"margin-bottom: 0\"><strong>Others<\/strong><\/p>\n<p style=\"margin-top: 0\">We reserve the right to charge an electricity flat rate of \u20ac5.00\/day for using heating or air conditioner when weather conditions are bad.<br \/>\n\t\tWhen mooring your boat, you are obliged to accept and respect the port regulation.<\/p>\n<\/p><\/div>\n<div class=\"seperator\"><svg><use xlink:href=\"#shape-motorboat\"><\/use><\/svg><\/div>\n<div id=\"preise-motorbootverleih\" class=\"preise-color-mtbv\">\n<h3>Motorboat rental<\/h3>\n<p>\t\t\tAll prices include VAT.<br \/>\n\t\t\tLife jackets can be borrowed free of charge. Rental time starts from when the boat leaves until its return. Animals are not allowed on the boats.<\/p>\n<p>\t\t\tCharter time: daily from 10 a.m. to 6 p.m.<br \/>\n\t\t\t Reservation at least one day before charter.<br \/>\n\t\t\t Reservation hotline: 0 65 42 \u2013 96 12 16.<\/p>\n<p>\t\t\t<strong>Aluminium-Sportboot<\/strong><br \/>\n\t\t\t<small><i>no driving licence needed, fuel included, up to 4 persons<\/i><\/small><\/p>\n<table>\n<tbody>\n<tr>\n<td>Mon-Fri, 6 hours<\/td>\n<td><strong>&euro;120.00<\/strong><\/td>\n<\/tr>\n<tr>\n<td>Mon-Fri, 3 hours<\/td>\n<td><strong>&euro;90.00<\/strong><\/td>\n<\/tr>\n<tr>\n<td>Sat, Sun, public holiday, 6 hours<\/td>\n<td><strong>&euro;130.00<\/strong><\/td>\n<\/tr>\n<tr>\n<td>Sat, Sun, public holiday, 3 hours<\/td>\n<td><strong>&euro;100.00<\/strong><\/td>\n<\/tr>\n<tr>\n<td>Security deposit (only in cash)<\/td>\n<td><strong>&euro;150.00<\/strong><\/td>\n<\/tr>\n<\/tbody>\n<\/table><\/div>\n<div class=\"seperator\"><svg><use xlink:href=\"#shape-canoe\"><\/use><\/svg><\/div>\n<div class=\"preise-color-kanu\">\n<h3>Canoe rental<\/h3>\n<p>\t\t\tCanoe for up to 3 persons or<br \/>\n\t\t\t Kayak for 1 person or for 2 persons<br \/>\n\t\t\tincludes life jackets, waterproof luggage containers and paddles<\/p>\n<table>\n<tbody>\n<tr>\n<td>Daily price per person<\/td>\n<td><strong>&euro;15.00<\/strong><\/td>\n<\/tr>\n<tr>\n<td>Third person in canoe<\/td>\n<td><strong>&euro;5.00<\/strong><\/td>\n<\/tr>\n<\/tbody>\n<\/table><\/div>\n<div class=\"seperator\"><svg><use xlink:href=\"#shape-bike\"><\/use><\/svg><\/div>\n<div class=\"preise-color-fahrrad\">\n<h3>Bike rental<\/h3>\n<p>\t\t\tModern trekking bikes<\/p>\n<table>\n<tbody>\n<tr>\n<td>Daily price per bike (helmet included)<\/td>\n<td><strong>&euro;10.00<\/strong><\/td>\n<\/tr>\n<tr>\n<td>Security deposit (only in cash)<\/td>\n<td><strong>&euro;50.00<\/strong><\/td>\n<\/tr>\n<\/tbody>\n<\/table><\/div>\n<div class=\"seperator\"><svg><use xlink:href=\"#shape-caravan\"><\/use><\/svg><\/div>\n<div class=\"preise-color-wohnmobil\">\n<h3>Motorhome sites<\/h3>\n<table>\n<tbody>\n<tr>\n<td>\u201cR\u00f6merquelle\u201c site, next to leisure facilities<\/td>\n<td><strong>&euro;11.00<\/strong><\/td>\n<\/tr>\n<tr>\n<td>\u201cAn der Fu\u00dfg\u00e4ngerbr\u00fccke\u201c site<\/td>\n<td><strong>&euro;11.00<\/strong><\/td>\n<\/tr>\n<\/tbody>\n<\/table>\n<p>\t\t\t<strong>The prices include:<\/strong><\/p>\n<ul>\n<li>Pitch for one motorhome per night<\/li>\n<li>Sewage disposal<\/li>\n<li>Waste disposal<\/li>\n<li>Electricity (only at \u201cR\u00f6merquelle\u201c), fuse 10A, consumption-based billing (&euro;1.00\/2kWh)<\/li>\n<li>Drinking water supply, consumption-based billing (&euro;0.10\/10 litres)<\/li>\n<li>Drinking water supply, consumption-based billing (&euro;1.00\/100 litres)<\/li>\n<\/ul><\/div>\n<\/p><\/div>\n<p>\tAll prices include VAT and <i>may be subject to change<\/i>.<\/p>\n","protected":false},"excerpt":{"rendered":"<p>Per night Campsite map as PDF \u00bb. &euro;30.60 Category 1st row, next to river Size: 80-90 sq metres Numbers: 1, 10-17, 49-56 &euro;26.80 Category 2nd row Size: 80-90 sq metres Numbers: 18-35, 57-67, 69, 70, 101-102 &euro;23.00 Category 3rd row Size: 80-90 sq metres Numbers: 36-45 &euro;26.80 Category 1A Camping bus\/Camper (max. 2,500kg) or family [&hellip;]<\/p>\n","protected":false},"author":2,"featured_media":490,"parent":0,"menu_order":0,"comment_status":"closed","ping_status":"closed","template":"","meta":{"_acf_changed":false,"footnotes":""},"class_list":["post-595","page","type-page","status-publish","has-post-thumbnail","hentry"],"acf":[],"yoast_head":"<!-- This site is optimized with the Yoast SEO plugin v27.5 - https:\/\/yoast.com\/product\/yoast-seo-wordpress\/ -->\n<title>Prices - Campingpark Zell - 4 Sterne Campingurlaub an der Mosel<\/title>\n<meta name=\"robots\" content=\"index, follow, max-snippet:-1, max-image-preview:large, max-video-preview:-1\" \/>\n<link rel=\"canonical\" href=\"https:\/\/www.campingpark-zell.de\/en\/prices\/\" \/>\n<meta property=\"og:locale\" content=\"en_US\" \/>\n<meta property=\"og:type\" content=\"article\" \/>\n<meta property=\"og:title\" content=\"Prices - Campingpark Zell - 4 Sterne Campingurlaub an der Mosel\" \/>\n<meta property=\"og:description\" content=\"Per night Campsite map as PDF \u00bb. &euro;30.60 Category 1st row, next to river Size: 80-90 sq metres Numbers: 1, 10-17, 49-56 &euro;26.80 Category 2nd row Size: 80-90 sq metres Numbers: 18-35, 57-67, 69, 70, 101-102 &euro;23.00 Category 3rd row Size: 80-90 sq metres Numbers: 36-45 &euro;26.80 Category 1A Camping bus\/Camper (max. 2,500kg) or family [&hellip;]\" \/>\n<meta property=\"og:url\" content=\"https:\/\/www.campingpark-zell.de\/en\/prices\/\" \/>\n<meta property=\"og:site_name\" content=\"Campingpark Zell - 4 Sterne Campingurlaub an der Mosel\" \/>\n<meta property=\"article:modified_time\" content=\"2026-02-20T14:04:03+00:00\" \/>\n<meta property=\"og:image\" content=\"https:\/\/www.campingpark-zell.de\/wp-content\/uploads\/2018\/12\/weinfass-wohnmobil.jpg\" \/>\n\t<meta property=\"og:image:width\" content=\"1640\" \/>\n\t<meta property=\"og:image:height\" content=\"1095\" \/>\n\t<meta property=\"og:image:type\" content=\"image\/jpeg\" \/>\n<meta name=\"twitter:card\" content=\"summary_large_image\" \/>\n<meta name=\"twitter:label1\" content=\"Est. reading time\" \/>\n\t<meta name=\"twitter:data1\" content=\"5 minutes\" \/>\n<script type=\"application\/ld+json\" class=\"yoast-schema-graph\">{\"@context\":\"https:\\\/\\\/schema.org\",\"@graph\":[{\"@type\":\"WebPage\",\"@id\":\"https:\\\/\\\/www.campingpark-zell.de\\\/en\\\/prices\\\/\",\"url\":\"https:\\\/\\\/www.campingpark-zell.de\\\/en\\\/prices\\\/\",\"name\":\"Prices - Campingpark Zell - 4 Sterne Campingurlaub an der Mosel\",\"isPartOf\":{\"@id\":\"https:\\\/\\\/www.campingpark-zell.de\\\/#website\"},\"primaryImageOfPage\":{\"@id\":\"https:\\\/\\\/www.campingpark-zell.de\\\/en\\\/prices\\\/#primaryimage\"},\"image\":{\"@id\":\"https:\\\/\\\/www.campingpark-zell.de\\\/en\\\/prices\\\/#primaryimage\"},\"thumbnailUrl\":\"https:\\\/\\\/www.campingpark-zell.de\\\/wp-content\\\/uploads\\\/2018\\\/12\\\/weinfass-wohnmobil.jpg\",\"datePublished\":\"2019-03-29T10:49:59+00:00\",\"dateModified\":\"2026-02-20T14:04:03+00:00\",\"breadcrumb\":{\"@id\":\"https:\\\/\\\/www.campingpark-zell.de\\\/en\\\/prices\\\/#breadcrumb\"},\"inLanguage\":\"en-US\",\"potentialAction\":[{\"@type\":\"ReadAction\",\"target\":[\"https:\\\/\\\/www.campingpark-zell.de\\\/en\\\/prices\\\/\"]}]},{\"@type\":\"ImageObject\",\"inLanguage\":\"en-US\",\"@id\":\"https:\\\/\\\/www.campingpark-zell.de\\\/en\\\/prices\\\/#primaryimage\",\"url\":\"https:\\\/\\\/www.campingpark-zell.de\\\/wp-content\\\/uploads\\\/2018\\\/12\\\/weinfass-wohnmobil.jpg\",\"contentUrl\":\"https:\\\/\\\/www.campingpark-zell.de\\\/wp-content\\\/uploads\\\/2018\\\/12\\\/weinfass-wohnmobil.jpg\",\"width\":1640,\"height\":1095},{\"@type\":\"BreadcrumbList\",\"@id\":\"https:\\\/\\\/www.campingpark-zell.de\\\/en\\\/prices\\\/#breadcrumb\",\"itemListElement\":[{\"@type\":\"ListItem\",\"position\":1,\"name\":\"Startseite\",\"item\":\"https:\\\/\\\/www.campingpark-zell.de\\\/en\\\/\"},{\"@type\":\"ListItem\",\"position\":2,\"name\":\"Prices\"}]},{\"@type\":\"WebSite\",\"@id\":\"https:\\\/\\\/www.campingpark-zell.de\\\/#website\",\"url\":\"https:\\\/\\\/www.campingpark-zell.de\\\/\",\"name\":\"Campingpark Zell - 4 Sterne Campingurlaub an der Mosel\",\"description\":\"\",\"potentialAction\":[{\"@type\":\"SearchAction\",\"target\":{\"@type\":\"EntryPoint\",\"urlTemplate\":\"https:\\\/\\\/www.campingpark-zell.de\\\/?s={search_term_string}\"},\"query-input\":{\"@type\":\"PropertyValueSpecification\",\"valueRequired\":true,\"valueName\":\"search_term_string\"}}],\"inLanguage\":\"en-US\"}]}<\/script>\n<!-- \/ Yoast SEO plugin. -->","yoast_head_json":{"title":"Prices - Campingpark Zell - 4 Sterne Campingurlaub an der Mosel","robots":{"index":"index","follow":"follow","max-snippet":"max-snippet:-1","max-image-preview":"max-image-preview:large","max-video-preview":"max-video-preview:-1"},"canonical":"https:\/\/www.campingpark-zell.de\/en\/prices\/","og_locale":"en_US","og_type":"article","og_title":"Prices - Campingpark Zell - 4 Sterne Campingurlaub an der Mosel","og_description":"Per night Campsite map as PDF \u00bb. &euro;30.60 Category 1st row, next to river Size: 80-90 sq metres Numbers: 1, 10-17, 49-56 &euro;26.80 Category 2nd row Size: 80-90 sq metres Numbers: 18-35, 57-67, 69, 70, 101-102 &euro;23.00 Category 3rd row Size: 80-90 sq metres Numbers: 36-45 &euro;26.80 Category 1A Camping bus\/Camper (max. 2,500kg) or family [&hellip;]","og_url":"https:\/\/www.campingpark-zell.de\/en\/prices\/","og_site_name":"Campingpark Zell - 4 Sterne Campingurlaub an der Mosel","article_modified_time":"2026-02-20T14:04:03+00:00","og_image":[{"width":1640,"height":1095,"url":"https:\/\/www.campingpark-zell.de\/wp-content\/uploads\/2018\/12\/weinfass-wohnmobil.jpg","type":"image\/jpeg"}],"twitter_card":"summary_large_image","twitter_misc":{"Est. reading time":"5 minutes"},"schema":{"@context":"https:\/\/schema.org","@graph":[{"@type":"WebPage","@id":"https:\/\/www.campingpark-zell.de\/en\/prices\/","url":"https:\/\/www.campingpark-zell.de\/en\/prices\/","name":"Prices - Campingpark Zell - 4 Sterne Campingurlaub an der Mosel","isPartOf":{"@id":"https:\/\/www.campingpark-zell.de\/#website"},"primaryImageOfPage":{"@id":"https:\/\/www.campingpark-zell.de\/en\/prices\/#primaryimage"},"image":{"@id":"https:\/\/www.campingpark-zell.de\/en\/prices\/#primaryimage"},"thumbnailUrl":"https:\/\/www.campingpark-zell.de\/wp-content\/uploads\/2018\/12\/weinfass-wohnmobil.jpg","datePublished":"2019-03-29T10:49:59+00:00","dateModified":"2026-02-20T14:04:03+00:00","breadcrumb":{"@id":"https:\/\/www.campingpark-zell.de\/en\/prices\/#breadcrumb"},"inLanguage":"en-US","potentialAction":[{"@type":"ReadAction","target":["https:\/\/www.campingpark-zell.de\/en\/prices\/"]}]},{"@type":"ImageObject","inLanguage":"en-US","@id":"https:\/\/www.campingpark-zell.de\/en\/prices\/#primaryimage","url":"https:\/\/www.campingpark-zell.de\/wp-content\/uploads\/2018\/12\/weinfass-wohnmobil.jpg","contentUrl":"https:\/\/www.campingpark-zell.de\/wp-content\/uploads\/2018\/12\/weinfass-wohnmobil.jpg","width":1640,"height":1095},{"@type":"BreadcrumbList","@id":"https:\/\/www.campingpark-zell.de\/en\/prices\/#breadcrumb","itemListElement":[{"@type":"ListItem","position":1,"name":"Startseite","item":"https:\/\/www.campingpark-zell.de\/en\/"},{"@type":"ListItem","position":2,"name":"Prices"}]},{"@type":"WebSite","@id":"https:\/\/www.campingpark-zell.de\/#website","url":"https:\/\/www.campingpark-zell.de\/","name":"Campingpark Zell - 4 Sterne Campingurlaub an der Mosel","description":"","potentialAction":[{"@type":"SearchAction","target":{"@type":"EntryPoint","urlTemplate":"https:\/\/www.campingpark-zell.de\/?s={search_term_string}"},"query-input":{"@type":"PropertyValueSpecification","valueRequired":true,"valueName":"search_term_string"}}],"inLanguage":"en-US"}]}},"publishpress_future_action":{"enabled":false,"date":"2026-05-09 05:21:03","action":"change-status","newStatus":"draft","terms":[],"taxonomy":"translation_priority","extraData":[]},"publishpress_future_workflow_manual_trigger":{"enabledWorkflows":[]},"_links":{"self":[{"href":"https:\/\/www.campingpark-zell.de\/en\/wp-json\/wp\/v2\/pages\/595","targetHints":{"allow":["GET"]}}],"collection":[{"href":"https:\/\/www.campingpark-zell.de\/en\/wp-json\/wp\/v2\/pages"}],"about":[{"href":"https:\/\/www.campingpark-zell.de\/en\/wp-json\/wp\/v2\/types\/page"}],"author":[{"embeddable":true,"href":"https:\/\/www.campingpark-zell.de\/en\/wp-json\/wp\/v2\/users\/2"}],"replies":[{"embeddable":true,"href":"https:\/\/www.campingpark-zell.de\/en\/wp-json\/wp\/v2\/comments?post=595"}],"version-history":[{"count":51,"href":"https:\/\/www.campingpark-zell.de\/en\/wp-json\/wp\/v2\/pages\/595\/revisions"}],"predecessor-version":[{"id":1335,"href":"https:\/\/www.campingpark-zell.de\/en\/wp-json\/wp\/v2\/pages\/595\/revisions\/1335"}],"wp:featuredmedia":[{"embeddable":true,"href":"https:\/\/www.campingpark-zell.de\/en\/wp-json\/wp\/v2\/media\/490"}],"wp:attachment":[{"href":"https:\/\/www.campingpark-zell.de\/en\/wp-json\/wp\/v2\/media?parent=595"}],"curies":[{"name":"wp","href":"https:\/\/api.w.org\/{rel}","templated":true}]}}