{"id":588,"date":"2019-03-28T10:43:04","date_gmt":"2019-03-28T09:43:04","guid":{"rendered":"https:\/\/www.campingpark-zell.de\/?page_id=588"},"modified":"2024-02-16T14:58:13","modified_gmt":"2024-02-16T13:58:13","slug":"motorhome-sites","status":"publish","type":"page","link":"https:\/\/www.campingpark-zell.de\/en\/motorhome-sites\/","title":{"rendered":"Motorhome sites"},"content":{"rendered":"<div class=\"intro-content cf\">\n<figure class=\"icon-horgar ps size-full alignright\" itemscope itemtype=\"http:\/\/schema.org\/ImageObject\"><img loading=\"lazy\" decoding=\"async\" itemprop=\"contentURL\" src=\"https:\/\/www.campingpark-zell.de\/wp-content\/uploads\/2024\/02\/horgar-wohnwagen.png\" alt=\"\" width=\"440\" height=\"301\" class=\"alignright size-full wp-image-1081\" srcset=\"https:\/\/www.campingpark-zell.de\/wp-content\/uploads\/2024\/02\/horgar-wohnwagen.png 980w, https:\/\/www.campingpark-zell.de\/wp-content\/uploads\/2024\/02\/horgar-wohnwagen-300x205.png 300w, https:\/\/www.campingpark-zell.de\/wp-content\/uploads\/2024\/02\/horgar-wohnwagen-768x525.png 768w, https:\/\/www.campingpark-zell.de\/wp-content\/uploads\/2024\/02\/horgar-wohnwagen-440x300.png 440w\" sizes=\"auto, (max-width: 440px) 100vw, 440px\" \/><\/figure>\n<p>For motorhome campers we have <strong>two modern motorhome sites<\/strong>, which are both located <strong>directly at the river<\/strong>, offering real holiday flair. Of course, you may use the sanitary facilities on the campsite (for a fee).<\/p>\n<p>As our guests you can choose between two sites: <strong>\u201cAn der Fu\u00dfg\u00e4ngerbr\u00fccke\u201d<\/strong> and <strong>\u201cR\u00f6merquelle\u201d<\/strong>. From \u201cAn der Fu\u00dfg\u00e4ngerbr\u00fccke\u201d it is only a 5\u00a0minutes\u2019 walk to the town centre. The \u201cR\u00f6merquelle\u201d site is located right next to the local leisure facilities (swimming pool and tennis (sand) courts). Both sites offer electricity as well as water supply and sewage systems, waste disposal and fresh water supply. In the upper area of \u201cR\u00f6merquelle\u201d we have pitches with electricity hook-up and free WiFi.<\/p>\n<p>The fees can be paid in the evening at the cashier. It is not possible to book in advance.<br \/>\nWe look forward to your visit!<\/p>\n<\/div>\n\n\n    <div id=\"gallery-588_1\" class=\"gallery photoswipe_gallery gallery-columns-5 gallery-size-thumbnail\" itemscope itemtype=\"http:\/\/schema.org\/ImageGallery\" >\n          <figure class=\"gallery-item\" itemscope itemtype=\"http:\/\/schema.org\/ImageObject\">\n            <a href=\"https:\/\/www.campingpark-zell.de\/wp-content\/uploads\/2024\/02\/impressionen-03-1.jpg\" itemprop=\"contentUrl\" data-size=\"1640x1093\">\n              <img loading=\"lazy\" decoding=\"async\" width=\"216\" height=\"216\" src=\"https:\/\/www.campingpark-zell.de\/wp-content\/uploads\/2024\/02\/impressionen-03-1-216x216.jpg\" class=\"attachment-thumbnail size-thumbnail\" alt=\"\" srcset=\"https:\/\/www.campingpark-zell.de\/wp-content\/uploads\/2024\/02\/impressionen-03-1-216x216.jpg 216w, https:\/\/www.campingpark-zell.de\/wp-content\/uploads\/2024\/02\/impressionen-03-1-125x125.jpg 125w\" sizes=\"auto, (max-width: 216px) 100vw, 216px\" \/>\n            <\/a><figcaption class=\"photoswipe-gallery-caption\">Stellplatz R\u00f6merquelle<\/figcaption><\/figure>\n          <figure class=\"gallery-item\" itemscope itemtype=\"http:\/\/schema.org\/ImageObject\">\n            <a href=\"https:\/\/www.campingpark-zell.de\/wp-content\/uploads\/2024\/02\/impressionen-01.jpg\" itemprop=\"contentUrl\" data-size=\"1640x1093\">\n              <img loading=\"lazy\" decoding=\"async\" width=\"216\" height=\"216\" src=\"https:\/\/www.campingpark-zell.de\/wp-content\/uploads\/2024\/02\/impressionen-01-216x216.jpg\" class=\"attachment-thumbnail size-thumbnail\" alt=\"\" srcset=\"https:\/\/www.campingpark-zell.de\/wp-content\/uploads\/2024\/02\/impressionen-01-216x216.jpg 216w, https:\/\/www.campingpark-zell.de\/wp-content\/uploads\/2024\/02\/impressionen-01-125x125.jpg 125w\" sizes=\"auto, (max-width: 216px) 100vw, 216px\" \/>\n            <\/a><figcaption class=\"photoswipe-gallery-caption\">Stellplatz R\u00f6merquelle<\/figcaption><\/figure>\n          <figure class=\"gallery-item\" itemscope itemtype=\"http:\/\/schema.org\/ImageObject\">\n            <a href=\"https:\/\/www.campingpark-zell.de\/wp-content\/uploads\/2024\/02\/impressionen-02.jpg\" itemprop=\"contentUrl\" data-size=\"1640x1093\">\n              <img loading=\"lazy\" decoding=\"async\" width=\"216\" height=\"216\" src=\"https:\/\/www.campingpark-zell.de\/wp-content\/uploads\/2024\/02\/impressionen-02-216x216.jpg\" class=\"attachment-thumbnail size-thumbnail\" alt=\"\" srcset=\"https:\/\/www.campingpark-zell.de\/wp-content\/uploads\/2024\/02\/impressionen-02-216x216.jpg 216w, https:\/\/www.campingpark-zell.de\/wp-content\/uploads\/2024\/02\/impressionen-02-125x125.jpg 125w\" sizes=\"auto, (max-width: 216px) 100vw, 216px\" \/>\n            <\/a><figcaption class=\"photoswipe-gallery-caption\">Stellplatz R\u00f6merquelle<\/figcaption><\/figure>\n          <figure class=\"gallery-item\" itemscope itemtype=\"http:\/\/schema.org\/ImageObject\">\n            <a href=\"https:\/\/www.campingpark-zell.de\/wp-content\/uploads\/2019\/01\/campingplatz-03.jpg\" itemprop=\"contentUrl\" data-size=\"1640x1093\">\n              <img loading=\"lazy\" decoding=\"async\" width=\"216\" height=\"216\" src=\"https:\/\/www.campingpark-zell.de\/wp-content\/uploads\/2019\/01\/campingplatz-03-216x216.jpg\" class=\"attachment-thumbnail size-thumbnail\" alt=\"\" srcset=\"https:\/\/www.campingpark-zell.de\/wp-content\/uploads\/2019\/01\/campingplatz-03-216x216.jpg 216w, https:\/\/www.campingpark-zell.de\/wp-content\/uploads\/2019\/01\/campingplatz-03-125x125.jpg 125w\" sizes=\"auto, (max-width: 216px) 100vw, 216px\" \/>\n            <\/a><figcaption class=\"photoswipe-gallery-caption\">R\u00f6merquelle<\/figcaption><\/figure>\n          <figure class=\"gallery-item\" itemscope itemtype=\"http:\/\/schema.org\/ImageObject\">\n            <a href=\"https:\/\/www.campingpark-zell.de\/wp-content\/uploads\/2019\/01\/stellplatz-roemerquelle.jpg\" itemprop=\"contentUrl\" data-size=\"1640x1093\">\n              <img loading=\"lazy\" decoding=\"async\" width=\"216\" height=\"216\" src=\"https:\/\/www.campingpark-zell.de\/wp-content\/uploads\/2019\/01\/stellplatz-roemerquelle-216x216.jpg\" class=\"attachment-thumbnail size-thumbnail\" alt=\"\" srcset=\"https:\/\/www.campingpark-zell.de\/wp-content\/uploads\/2019\/01\/stellplatz-roemerquelle-216x216.jpg 216w, https:\/\/www.campingpark-zell.de\/wp-content\/uploads\/2019\/01\/stellplatz-roemerquelle-125x125.jpg 125w\" sizes=\"auto, (max-width: 216px) 100vw, 216px\" \/>\n            <\/a><figcaption class=\"photoswipe-gallery-caption\">R\u00f6merquelle<\/figcaption><\/figure><\/div>\n","protected":false},"excerpt":{"rendered":"<p>For motorhome campers we have two modern motorhome sites, which are both located directly at the river, offering real holiday flair. Of course, you may use the sanitary facilities on the campsite (for a fee). As our guests you can choose between two sites: \u201cAn der Fu\u00dfg\u00e4ngerbr\u00fccke\u201d and \u201cR\u00f6merquelle\u201d. From \u201cAn der Fu\u00dfg\u00e4ngerbr\u00fccke\u201d it is [&hellip;]<\/p>\n","protected":false},"author":2,"featured_media":500,"parent":0,"menu_order":0,"comment_status":"closed","ping_status":"closed","template":"","meta":{"_acf_changed":false,"footnotes":""},"class_list":["post-588","page","type-page","status-publish","has-post-thumbnail","hentry"],"acf":[],"yoast_head":"<!-- This site is optimized with the Yoast SEO plugin v27.5 - https:\/\/yoast.com\/product\/yoast-seo-wordpress\/ -->\n<title>Motorhome sites - Campingpark Zell - 4 Sterne Campingurlaub an der Mosel<\/title>\n<meta name=\"robots\" content=\"index, follow, max-snippet:-1, max-image-preview:large, max-video-preview:-1\" \/>\n<link rel=\"canonical\" href=\"https:\/\/www.campingpark-zell.de\/en\/motorhome-sites\/\" \/>\n<meta property=\"og:locale\" content=\"en_US\" \/>\n<meta property=\"og:type\" content=\"article\" \/>\n<meta property=\"og:title\" content=\"Motorhome sites - Campingpark Zell - 4 Sterne Campingurlaub an der Mosel\" \/>\n<meta property=\"og:description\" content=\"For motorhome campers we have two modern motorhome sites, which are both located directly at the river, offering real holiday flair. Of course, you may use the sanitary facilities on the campsite (for a fee). As our guests you can choose between two sites: \u201cAn der Fu\u00dfg\u00e4ngerbr\u00fccke\u201d and \u201cR\u00f6merquelle\u201d. From \u201cAn der Fu\u00dfg\u00e4ngerbr\u00fccke\u201d it is [&hellip;]\" \/>\n<meta property=\"og:url\" content=\"https:\/\/www.campingpark-zell.de\/en\/motorhome-sites\/\" \/>\n<meta property=\"og:site_name\" content=\"Campingpark Zell - 4 Sterne Campingurlaub an der Mosel\" \/>\n<meta property=\"article:modified_time\" content=\"2024-02-16T13:58:13+00:00\" \/>\n<meta property=\"og:image\" content=\"https:\/\/www.campingpark-zell.de\/wp-content\/uploads\/2018\/12\/slide-08.jpg\" \/>\n\t<meta property=\"og:image:width\" content=\"2560\" \/>\n\t<meta property=\"og:image:height\" content=\"960\" \/>\n\t<meta property=\"og:image:type\" content=\"image\/jpeg\" \/>\n<meta name=\"twitter:card\" content=\"summary_large_image\" \/>\n<meta name=\"twitter:label1\" content=\"Est. reading time\" \/>\n\t<meta name=\"twitter:data1\" content=\"2 minutes\" \/>\n<script type=\"application\/ld+json\" class=\"yoast-schema-graph\">{\"@context\":\"https:\\\/\\\/schema.org\",\"@graph\":[{\"@type\":\"WebPage\",\"@id\":\"https:\\\/\\\/www.campingpark-zell.de\\\/en\\\/motorhome-sites\\\/\",\"url\":\"https:\\\/\\\/www.campingpark-zell.de\\\/en\\\/motorhome-sites\\\/\",\"name\":\"Motorhome sites - Campingpark Zell - 4 Sterne Campingurlaub an der Mosel\",\"isPartOf\":{\"@id\":\"https:\\\/\\\/www.campingpark-zell.de\\\/#website\"},\"primaryImageOfPage\":{\"@id\":\"https:\\\/\\\/www.campingpark-zell.de\\\/en\\\/motorhome-sites\\\/#primaryimage\"},\"image\":{\"@id\":\"https:\\\/\\\/www.campingpark-zell.de\\\/en\\\/motorhome-sites\\\/#primaryimage\"},\"thumbnailUrl\":\"https:\\\/\\\/www.campingpark-zell.de\\\/wp-content\\\/uploads\\\/2018\\\/12\\\/slide-08.jpg\",\"datePublished\":\"2019-03-28T09:43:04+00:00\",\"dateModified\":\"2024-02-16T13:58:13+00:00\",\"breadcrumb\":{\"@id\":\"https:\\\/\\\/www.campingpark-zell.de\\\/en\\\/motorhome-sites\\\/#breadcrumb\"},\"inLanguage\":\"en-US\",\"potentialAction\":[{\"@type\":\"ReadAction\",\"target\":[\"https:\\\/\\\/www.campingpark-zell.de\\\/en\\\/motorhome-sites\\\/\"]}]},{\"@type\":\"ImageObject\",\"inLanguage\":\"en-US\",\"@id\":\"https:\\\/\\\/www.campingpark-zell.de\\\/en\\\/motorhome-sites\\\/#primaryimage\",\"url\":\"https:\\\/\\\/www.campingpark-zell.de\\\/wp-content\\\/uploads\\\/2018\\\/12\\\/slide-08.jpg\",\"contentUrl\":\"https:\\\/\\\/www.campingpark-zell.de\\\/wp-content\\\/uploads\\\/2018\\\/12\\\/slide-08.jpg\",\"width\":2560,\"height\":960},{\"@type\":\"BreadcrumbList\",\"@id\":\"https:\\\/\\\/www.campingpark-zell.de\\\/en\\\/motorhome-sites\\\/#breadcrumb\",\"itemListElement\":[{\"@type\":\"ListItem\",\"position\":1,\"name\":\"Startseite\",\"item\":\"https:\\\/\\\/www.campingpark-zell.de\\\/en\\\/\"},{\"@type\":\"ListItem\",\"position\":2,\"name\":\"Motorhome sites\"}]},{\"@type\":\"WebSite\",\"@id\":\"https:\\\/\\\/www.campingpark-zell.de\\\/#website\",\"url\":\"https:\\\/\\\/www.campingpark-zell.de\\\/\",\"name\":\"Campingpark Zell - 4 Sterne Campingurlaub an der Mosel\",\"description\":\"\",\"potentialAction\":[{\"@type\":\"SearchAction\",\"target\":{\"@type\":\"EntryPoint\",\"urlTemplate\":\"https:\\\/\\\/www.campingpark-zell.de\\\/?s={search_term_string}\"},\"query-input\":{\"@type\":\"PropertyValueSpecification\",\"valueRequired\":true,\"valueName\":\"search_term_string\"}}],\"inLanguage\":\"en-US\"}]}<\/script>\n<!-- \/ Yoast SEO plugin. -->","yoast_head_json":{"title":"Motorhome sites - Campingpark Zell - 4 Sterne Campingurlaub an der Mosel","robots":{"index":"index","follow":"follow","max-snippet":"max-snippet:-1","max-image-preview":"max-image-preview:large","max-video-preview":"max-video-preview:-1"},"canonical":"https:\/\/www.campingpark-zell.de\/en\/motorhome-sites\/","og_locale":"en_US","og_type":"article","og_title":"Motorhome sites - Campingpark Zell - 4 Sterne Campingurlaub an der Mosel","og_description":"For motorhome campers we have two modern motorhome sites, which are both located directly at the river, offering real holiday flair. Of course, you may use the sanitary facilities on the campsite (for a fee). As our guests you can choose between two sites: \u201cAn der Fu\u00dfg\u00e4ngerbr\u00fccke\u201d and \u201cR\u00f6merquelle\u201d. From \u201cAn der Fu\u00dfg\u00e4ngerbr\u00fccke\u201d it is [&hellip;]","og_url":"https:\/\/www.campingpark-zell.de\/en\/motorhome-sites\/","og_site_name":"Campingpark Zell - 4 Sterne Campingurlaub an der Mosel","article_modified_time":"2024-02-16T13:58:13+00:00","og_image":[{"width":2560,"height":960,"url":"https:\/\/www.campingpark-zell.de\/wp-content\/uploads\/2018\/12\/slide-08.jpg","type":"image\/jpeg"}],"twitter_card":"summary_large_image","twitter_misc":{"Est. reading time":"2 minutes"},"schema":{"@context":"https:\/\/schema.org","@graph":[{"@type":"WebPage","@id":"https:\/\/www.campingpark-zell.de\/en\/motorhome-sites\/","url":"https:\/\/www.campingpark-zell.de\/en\/motorhome-sites\/","name":"Motorhome sites - Campingpark Zell - 4 Sterne Campingurlaub an der Mosel","isPartOf":{"@id":"https:\/\/www.campingpark-zell.de\/#website"},"primaryImageOfPage":{"@id":"https:\/\/www.campingpark-zell.de\/en\/motorhome-sites\/#primaryimage"},"image":{"@id":"https:\/\/www.campingpark-zell.de\/en\/motorhome-sites\/#primaryimage"},"thumbnailUrl":"https:\/\/www.campingpark-zell.de\/wp-content\/uploads\/2018\/12\/slide-08.jpg","datePublished":"2019-03-28T09:43:04+00:00","dateModified":"2024-02-16T13:58:13+00:00","breadcrumb":{"@id":"https:\/\/www.campingpark-zell.de\/en\/motorhome-sites\/#breadcrumb"},"inLanguage":"en-US","potentialAction":[{"@type":"ReadAction","target":["https:\/\/www.campingpark-zell.de\/en\/motorhome-sites\/"]}]},{"@type":"ImageObject","inLanguage":"en-US","@id":"https:\/\/www.campingpark-zell.de\/en\/motorhome-sites\/#primaryimage","url":"https:\/\/www.campingpark-zell.de\/wp-content\/uploads\/2018\/12\/slide-08.jpg","contentUrl":"https:\/\/www.campingpark-zell.de\/wp-content\/uploads\/2018\/12\/slide-08.jpg","width":2560,"height":960},{"@type":"BreadcrumbList","@id":"https:\/\/www.campingpark-zell.de\/en\/motorhome-sites\/#breadcrumb","itemListElement":[{"@type":"ListItem","position":1,"name":"Startseite","item":"https:\/\/www.campingpark-zell.de\/en\/"},{"@type":"ListItem","position":2,"name":"Motorhome sites"}]},{"@type":"WebSite","@id":"https:\/\/www.campingpark-zell.de\/#website","url":"https:\/\/www.campingpark-zell.de\/","name":"Campingpark Zell - 4 Sterne Campingurlaub an der Mosel","description":"","potentialAction":[{"@type":"SearchAction","target":{"@type":"EntryPoint","urlTemplate":"https:\/\/www.campingpark-zell.de\/?s={search_term_string}"},"query-input":{"@type":"PropertyValueSpecification","valueRequired":true,"valueName":"search_term_string"}}],"inLanguage":"en-US"}]}},"publishpress_future_action":{"enabled":false,"date":"2026-05-10 11:48:50","action":"change-status","newStatus":"draft","terms":[],"taxonomy":"translation_priority","extraData":[]},"publishpress_future_workflow_manual_trigger":{"enabledWorkflows":[]},"_links":{"self":[{"href":"https:\/\/www.campingpark-zell.de\/en\/wp-json\/wp\/v2\/pages\/588","targetHints":{"allow":["GET"]}}],"collection":[{"href":"https:\/\/www.campingpark-zell.de\/en\/wp-json\/wp\/v2\/pages"}],"about":[{"href":"https:\/\/www.campingpark-zell.de\/en\/wp-json\/wp\/v2\/types\/page"}],"author":[{"embeddable":true,"href":"https:\/\/www.campingpark-zell.de\/en\/wp-json\/wp\/v2\/users\/2"}],"replies":[{"embeddable":true,"href":"https:\/\/www.campingpark-zell.de\/en\/wp-json\/wp\/v2\/comments?post=588"}],"version-history":[{"count":9,"href":"https:\/\/www.campingpark-zell.de\/en\/wp-json\/wp\/v2\/pages\/588\/revisions"}],"predecessor-version":[{"id":1136,"href":"https:\/\/www.campingpark-zell.de\/en\/wp-json\/wp\/v2\/pages\/588\/revisions\/1136"}],"wp:featuredmedia":[{"embeddable":true,"href":"https:\/\/www.campingpark-zell.de\/en\/wp-json\/wp\/v2\/media\/500"}],"wp:attachment":[{"href":"https:\/\/www.campingpark-zell.de\/en\/wp-json\/wp\/v2\/media?parent=588"}],"curies":[{"name":"wp","href":"https:\/\/api.w.org\/{rel}","templated":true}]}}